{"id":2086,"date":"2024-10-23T13:37:29","date_gmt":"2024-10-23T10:37:29","guid":{"rendered":"https:\/\/firetex.lv\/facilities\/"},"modified":"2024-12-20T17:24:18","modified_gmt":"2024-12-20T15:24:18","slug":"facilities","status":"publish","type":"page","link":"https:\/\/firetex.lv\/en\/facilities\/","title":{"rendered":"Projects"},"content":{"rendered":"<section id=\"b-211ab2_m2vg8q6z\" class=\"brxe-section bg--secondary hero-1 section-wrapper\"><div id=\"b-tpegel_m2vg8q6z\" class=\"brxe-div section-wrapper\"><div id=\"b-d8f48c_m2vg8q6z\" class=\"brxe-container main-container\"><div id=\"b-d05013_m2vg8q6z\" class=\"brxe-container\"><h1 id=\"b-bf0f89_m2vg8q6z\" class=\"brxe-heading hero-title\">Projects<\/h1><p id=\"b-404ad7_m2vg8q6z\" class=\"brxe-text-basic text--accent\">We have experience working on projects of varying levels of complexity. Below, you can see some of them.<\/p><\/div><\/div><\/div><div id=\"b-ztbxut_m2vg8q6z\" class=\"brxe-div\"><\/div><\/section>\n\n<section id=\"b-ysbrot_m2vod26w\" class=\"brxe-section section-wrapper\"><div id=\"b-yluuis_m2vod26w\" class=\"brxe-container main-container\"><div id=\"b-ukidhc_m2vod26w\" class=\"brxe-div\"><img loading=\"lazy\" decoding=\"async\" width=\"953\" height=\"1430\" src=\"https:\/\/firetex.lv\/wp-content\/uploads\/2024\/11\/b0df1134dfbcb16eee8384e5a3a50428-min-e1731396109397.jpg\" class=\"brxe-image css-filter size-full\" alt=\"\" id=\"b-zhydsm_m2vod26w\" \/><\/div><div id=\"b-egxbmu_m2vod26w\" class=\"brxe-div\"><div id=\"b-voemvm_m2vod26w\" class=\"brxe-text text--s\"><h2>Restor\u0101ns R\u012bg\u0101<br \/><\/h2>\n<h3>Restor\u0101ns R\u012bg\u0101<br \/><\/h3>\n<p>By creating a visual guide along the way, the designer or developer can get input from the other people involved in the website such as the customer, their manager, and other members of the team.<\/p>\n<h3>Pienesums klientam<br \/><\/h3>\n<p>By creating a visual guide along the way, the designer or developer can get input from the other people involved in the website such as the customer, their manager, and other members of the team.<\/p>\n<\/div><div id=\"b-emjvhw_m2vod26w\" class=\"brxe-container\"><div class=\"brxe-cvphzi brxe-div\"><h6 id=\"b-soevuw_m2vod26w\" class=\"brxe-soevuw brxe-heading b-soevuw_m2vod26w\">Sist\u0113mu projekt\u0113\u0161ana<\/h6><\/div><div class=\"brxe-cvphzi brxe-div\"><h6 id=\"b-soevuw_m2vod26w\" class=\"brxe-soevuw brxe-heading b-soevuw_m2vod26w\">Ugunsdro\u0161\u012bbas audits<\/h6><\/div><div class=\"brxe-cvphzi brxe-div\"><h6 id=\"b-soevuw_m2vod26w\" class=\"brxe-soevuw brxe-heading b-soevuw_m2vod26w\">In\u017eeniertehniskie risin\u0101jumi<\/h6><\/div><\/div><\/div><\/div><\/section>\n\n<section id=\"b-tyefdt_m2vod7qw\" class=\"brxe-section section-wrapper\"><div id=\"b-xwdurv_m2vod7qw\" class=\"brxe-container main-container\"><div id=\"b-uzfadz_m2vod7qw\" class=\"brxe-div\"><div id=\"b-bsgyfd_m2vod7qw\" class=\"brxe-text text--s\"><h2>R\u016bpn\u012bca R\u0113zekn\u0113<br \/><\/h2>\n<h3>R\u016bpn\u012bca R\u0113zekn\u0113<br \/><\/h3>\n<p>By creating a visual guide along the way, the designer or developer can get input from the other people involved in the website such as the customer, their manager, and other members of the team.<\/p>\n<h3>Pienesums klientam<br \/><\/h3>\n<p>By creating a visual guide along the way, the designer or developer can get input from the other people involved in the website such as the customer, their manager, and other members of the team.<\/p>\n<\/div><div id=\"b-egthtb_m2vod7qw\" class=\"brxe-container\"><div class=\"brxe-wtobso brxe-div\"><h6 id=\"b-xscixi_m2vod7qw\" class=\"brxe-xscixi brxe-heading b-xscixi_m2vod7qw\">Sist\u0113mu projekt\u0113\u0161ana<\/h6><\/div><div class=\"brxe-wtobso brxe-div\"><h6 id=\"b-xscixi_m2vod7qw\" class=\"brxe-xscixi brxe-heading b-xscixi_m2vod7qw\">Ugunsdro\u0161\u012bbas audits<\/h6><\/div><div class=\"brxe-wtobso brxe-div\"><h6 id=\"b-xscixi_m2vod7qw\" class=\"brxe-xscixi brxe-heading b-xscixi_m2vod7qw\">In\u017eeniertehniskie risin\u0101jumi<\/h6><\/div><\/div><\/div><div id=\"b-njguft_m2vod7qw\" class=\"brxe-div\"><img loading=\"lazy\" decoding=\"async\" width=\"715\" height=\"596\" src=\"https:\/\/firetex.lv\/wp-content\/uploads\/2024\/10\/text-image-split-15-min.jpg\" class=\"brxe-image css-filter size-full\" alt=\"\" id=\"b-ybzsad_m2vod7qw\" srcset=\"https:\/\/firetex.lv\/wp-content\/uploads\/2024\/10\/text-image-split-15-min.jpg 715w, https:\/\/firetex.lv\/wp-content\/uploads\/2024\/10\/text-image-split-15-min-300x250.jpg 300w\" sizes=\"auto, (max-width: 715px) 100vw, 715px\" \/><\/div><\/div><\/section>\n\n<section id=\"b-ysbrot_m2vqnij0\" class=\"brxe-section section-wrapper\"><div id=\"b-yluuis_m2vqnij0\" class=\"brxe-container main-container\"><div id=\"b-ukidhc_m2vqnij0\" class=\"brxe-div\"><img loading=\"lazy\" decoding=\"async\" width=\"715\" height=\"596\" src=\"https:\/\/firetex.lv\/wp-content\/uploads\/2024\/10\/text-image-split-16-min.jpg\" class=\"brxe-image css-filter size-full\" alt=\"\" id=\"b-zhydsm_m2vqnij0\" srcset=\"https:\/\/firetex.lv\/wp-content\/uploads\/2024\/10\/text-image-split-16-min.jpg 715w, https:\/\/firetex.lv\/wp-content\/uploads\/2024\/10\/text-image-split-16-min-300x250.jpg 300w\" sizes=\"auto, (max-width: 715px) 100vw, 715px\" \/><\/div><div id=\"b-egxbmu_m2vqnij0\" class=\"brxe-div\"><div id=\"b-voemvm_m2vqnij0\" class=\"brxe-text text--s\"><h2>Koncertz\u0101le Siguld\u0101<br \/><\/h2>\n<h3>Restor\u0101ns R\u012bg\u0101<br \/><\/h3>\n<p>By creating a visual guide along the way, the designer or developer can get input from the other people involved in the website such as the customer, their manager, and other members of the team.<\/p>\n<h3>Pienesums klientam<br \/><\/h3>\n<p>By creating a visual guide along the way, the designer or developer can get input from the other people involved in the website such as the customer, their manager, and other members of the team.<\/p>\n<\/div><div id=\"b-emjvhw_m2vqnij0\" class=\"brxe-container\"><div class=\"brxe-cvphzi brxe-div\"><h6 id=\"b-soevuw_m2vqnij0\" class=\"brxe-soevuw brxe-heading b-soevuw_m2vqnij0\">Sist\u0113mu projekt\u0113\u0161ana<\/h6><\/div><div class=\"brxe-cvphzi brxe-div\"><h6 id=\"b-soevuw_m2vqnij0\" class=\"brxe-soevuw brxe-heading b-soevuw_m2vqnij0\">Ugunsdro\u0161\u012bbas audits<\/h6><\/div><div class=\"brxe-cvphzi brxe-div\"><h6 id=\"b-soevuw_m2vqnij0\" class=\"brxe-soevuw brxe-heading b-soevuw_m2vqnij0\">In\u017eeniertehniskie risin\u0101jumi<\/h6><\/div><\/div><\/div><\/div><\/section>\n\n<section id=\"b-tyefdt_m2vqnuzi\" class=\"brxe-section section-wrapper\"><div id=\"b-xwdurv_m2vqnuzi\" class=\"brxe-container main-container\"><div id=\"b-uzfadz_m2vqnuzi\" class=\"brxe-div\"><div id=\"b-bsgyfd_m2vqnuzi\" class=\"brxe-text text--s\"><h2>Noliktava Liep\u0101j\u0101<br \/><\/h2>\n<h3>Restor\u0101ns R\u012bg\u0101<br \/><\/h3>\n<p>By creating a visual guide along the way, the designer or developer can get input from the other people involved in the website such as the customer, their manager, and other members of the team.<\/p>\n<h3>Pienesums klientam<br \/><\/h3>\n<p>By creating a visual guide along the way, the designer or developer can get input from the other people involved in the website such as the customer, their manager, and other members of the team.<\/p>\n<\/div><div id=\"b-egthtb_m2vqnuzi\" class=\"brxe-container\"><div class=\"brxe-wtobso brxe-div\"><h6 id=\"b-xscixi_m2vqnuzi\" class=\"brxe-xscixi brxe-heading b-xscixi_m2vqnuzi\">Sist\u0113mu projekt\u0113\u0161ana<\/h6><\/div><div class=\"brxe-wtobso brxe-div\"><h6 id=\"b-xscixi_m2vqnuzi\" class=\"brxe-xscixi brxe-heading b-xscixi_m2vqnuzi\">Ugunsdro\u0161\u012bbas audits<\/h6><\/div><div class=\"brxe-wtobso brxe-div\"><h6 id=\"b-xscixi_m2vqnuzi\" class=\"brxe-xscixi brxe-heading b-xscixi_m2vqnuzi\">In\u017eeniertehniskie risin\u0101jumi<\/h6><\/div><\/div><\/div><div id=\"b-njguft_m2vqnuzi\" class=\"brxe-div\"><img loading=\"lazy\" decoding=\"async\" width=\"715\" height=\"596\" src=\"https:\/\/firetex.lv\/wp-content\/uploads\/2024\/10\/text-image-split-17-min.jpg\" class=\"brxe-image css-filter size-full\" alt=\"\" id=\"b-ybzsad_m2vqnuzi\" srcset=\"https:\/\/firetex.lv\/wp-content\/uploads\/2024\/10\/text-image-split-17-min.jpg 715w, https:\/\/firetex.lv\/wp-content\/uploads\/2024\/10\/text-image-split-17-min-300x250.jpg 300w\" sizes=\"auto, (max-width: 715px) 100vw, 715px\" \/><\/div><\/div><\/section>","protected":false},"excerpt":{"rendered":"","protected":false},"author":1,"featured_media":2006,"parent":0,"menu_order":0,"comment_status":"closed","ping_status":"closed","template":"","meta":{"_acf_changed":false,"footnotes":""},"class_list":["post-2086","page","type-page","status-publish","has-post-thumbnail","hentry"],"acf":[],"_links":{"self":[{"href":"https:\/\/firetex.lv\/en\/wp-json\/wp\/v2\/pages\/2086","targetHints":{"allow":["GET"]}}],"collection":[{"href":"https:\/\/firetex.lv\/en\/wp-json\/wp\/v2\/pages"}],"about":[{"href":"https:\/\/firetex.lv\/en\/wp-json\/wp\/v2\/types\/page"}],"author":[{"embeddable":true,"href":"https:\/\/firetex.lv\/en\/wp-json\/wp\/v2\/users\/1"}],"replies":[{"embeddable":true,"href":"https:\/\/firetex.lv\/en\/wp-json\/wp\/v2\/comments?post=2086"}],"version-history":[{"count":4,"href":"https:\/\/firetex.lv\/en\/wp-json\/wp\/v2\/pages\/2086\/revisions"}],"predecessor-version":[{"id":2966,"href":"https:\/\/firetex.lv\/en\/wp-json\/wp\/v2\/pages\/2086\/revisions\/2966"}],"wp:featuredmedia":[{"embeddable":true,"href":"https:\/\/firetex.lv\/en\/wp-json\/wp\/v2\/media\/2006"}],"wp:attachment":[{"href":"https:\/\/firetex.lv\/en\/wp-json\/wp\/v2\/media?parent=2086"}],"curies":[{"name":"wp","href":"https:\/\/api.w.org\/{rel}","templated":true}]}}